{"id":42,"date":"2022-06-21T08:40:09","date_gmt":"2022-06-21T06:40:09","guid":{"rendered":"http:\/\/lespapilleslibres.com\/?page_id=42"},"modified":"2022-07-01T12:49:35","modified_gmt":"2022-07-01T10:49:35","slug":"prestations","status":"publish","type":"page","link":"https:\/\/lespapilleslibres.com\/index.php\/prestations\/","title":{"rendered":"Prestations"},"content":{"rendered":"\t\t<div data-elementor-type=\"wp-page\" data-elementor-id=\"42\" class=\"elementor elementor-42\">\n\t\t\t\t\t\t\t\t\t<section class=\"elementor-section elementor-top-section elementor-element elementor-element-53eb1ae elementor-section-boxed elementor-section-height-default elementor-section-height-default\" data-id=\"53eb1ae\" data-element_type=\"section\">\n\t\t\t\t\t\t<div class=\"elementor-container elementor-column-gap-default\">\n\t\t\t\t\t<div class=\"elementor-column elementor-col-50 elementor-top-column elementor-element elementor-element-3f57592\" data-id=\"3f57592\" data-element_type=\"column\">\n\t\t\t<div class=\"elementor-widget-wrap elementor-element-populated\">\n\t\t\t\t\t\t\t\t<div class=\"elementor-element elementor-element-261b7bf elementor-widget elementor-widget-heading\" data-id=\"261b7bf\" data-element_type=\"widget\" data-widget_type=\"heading.default\">\n\t\t\t\t<div class=\"elementor-widget-container\">\n\t\t\t<style>\/*! elementor - v3.6.6 - 08-06-2022 *\/\n.elementor-heading-title{padding:0;margin:0;line-height:1}.elementor-widget-heading .elementor-heading-title[class*=elementor-size-]>a{color:inherit;font-size:inherit;line-height:inherit}.elementor-widget-heading .elementor-heading-title.elementor-size-small{font-size:15px}.elementor-widget-heading .elementor-heading-title.elementor-size-medium{font-size:19px}.elementor-widget-heading .elementor-heading-title.elementor-size-large{font-size:29px}.elementor-widget-heading .elementor-heading-title.elementor-size-xl{font-size:39px}.elementor-widget-heading .elementor-heading-title.elementor-size-xxl{font-size:59px}<\/style><h2 class=\"elementor-heading-title elementor-size-default\">La Restau' publique <\/h2>\t\t<\/div>\n\t\t\t\t<\/div>\n\t\t\t\t<div class=\"elementor-element elementor-element-95ccfb0 elementor-widget elementor-widget-text-editor\" data-id=\"95ccfb0\" data-element_type=\"widget\" data-widget_type=\"text-editor.default\">\n\t\t\t\t<div class=\"elementor-widget-container\">\n\t\t\t<style>\/*! elementor - v3.6.6 - 08-06-2022 *\/\n.elementor-widget-text-editor.elementor-drop-cap-view-stacked .elementor-drop-cap{background-color:#818a91;color:#fff}.elementor-widget-text-editor.elementor-drop-cap-view-framed .elementor-drop-cap{color:#818a91;border:3px solid;background-color:transparent}.elementor-widget-text-editor:not(.elementor-drop-cap-view-default) .elementor-drop-cap{margin-top:8px}.elementor-widget-text-editor:not(.elementor-drop-cap-view-default) .elementor-drop-cap-letter{width:1em;height:1em}.elementor-widget-text-editor .elementor-drop-cap{float:left;text-align:center;line-height:1;font-size:50px}.elementor-widget-text-editor .elementor-drop-cap-letter{display:inline-block}<\/style>\t\t\t\t<p>Installation sur les \u00e9v\u00e8nements culturels d&#8217;un stand de restauration o\u00f9 le public peut venir d\u00e9guster un plat au saveurs de la cuisine monde :<\/p><p>&#8211; Falafel (cuisine libanaise)<\/p><p>&#8211; Rougail saucisses (cuisine cr\u00e9ole)<\/p><p>&#8211; Wok de poulet \u00e0 la citronnelle (cuisine asiatique)<\/p><p>&#8211; ect&#8230;<\/p><p>Les Papilles Libres propose aussi\u00a0 de la petite restauration (snacking), r\u00e9alisation de cr\u00eapes(sal\u00e9es\/sucr\u00e9es), th\u00e9s, caf\u00e9s pour le plaisir du grignotage et des petites faims.<\/p><p>\u00a0<\/p>\t\t\t\t\t\t<\/div>\n\t\t\t\t<\/div>\n\t\t\t\t<div class=\"elementor-element elementor-element-d0ccf78 elementor-widget elementor-widget-button\" data-id=\"d0ccf78\" data-element_type=\"widget\" data-widget_type=\"button.default\">\n\t\t\t\t<div class=\"elementor-widget-container\">\n\t\t\t\t\t<div class=\"elementor-button-wrapper\">\n\t\t\t<a href=\"http:\/\/lespapilleslibres.com\/index.php\/contact\/\" class=\"elementor-button-link elementor-button elementor-size-sm\" role=\"button\">\n\t\t\t\t\t\t<span class=\"elementor-button-content-wrapper\">\n\t\t\t\t\t\t<span class=\"elementor-button-text\">nous contacter<\/span>\n\t\t<\/span>\n\t\t\t\t\t<\/a>\n\t\t<\/div>\n\t\t\t\t<\/div>\n\t\t\t\t<\/div>\n\t\t\t\t\t<\/div>\n\t\t<\/div>\n\t\t\t\t<div class=\"elementor-column elementor-col-50 elementor-top-column elementor-element elementor-element-bdb1c5a\" data-id=\"bdb1c5a\" data-element_type=\"column\">\n\t\t\t<div class=\"elementor-widget-wrap elementor-element-populated\">\n\t\t\t\t\t\t\t\t<div class=\"elementor-element elementor-element-b8f6dba elementor-absolute elementor-widget elementor-widget-image\" data-id=\"b8f6dba\" data-element_type=\"widget\" data-settings=\"{&quot;_position&quot;:&quot;absolute&quot;}\" data-widget_type=\"image.default\">\n\t\t\t\t<div class=\"elementor-widget-container\">\n\t\t\t<style>\/*! elementor - v3.6.6 - 08-06-2022 *\/\n.elementor-widget-image{text-align:center}.elementor-widget-image a{display:inline-block}.elementor-widget-image a img[src$=\".svg\"]{width:48px}.elementor-widget-image img{vertical-align:middle;display:inline-block}<\/style>\t\t\t\t\t\t\t\t\t\t\t\t<img loading=\"lazy\" decoding=\"async\" width=\"1024\" height=\"461\" src=\"https:\/\/lespapilleslibres.com\/wp-content\/uploads\/2022\/07\/Stand-les-papilles-libres-1024x461.jpg\" class=\"attachment-large size-large\" alt=\"Stand festival restauration publique\" srcset=\"https:\/\/lespapilleslibres.com\/wp-content\/uploads\/2022\/07\/Stand-les-papilles-libres-1024x461.jpg 1024w, https:\/\/lespapilleslibres.com\/wp-content\/uploads\/2022\/07\/Stand-les-papilles-libres-300x135.jpg 300w, https:\/\/lespapilleslibres.com\/wp-content\/uploads\/2022\/07\/Stand-les-papilles-libres-768x346.jpg 768w, https:\/\/lespapilleslibres.com\/wp-content\/uploads\/2022\/07\/Stand-les-papilles-libres-1536x692.jpg 1536w, https:\/\/lespapilleslibres.com\/wp-content\/uploads\/2022\/07\/Stand-les-papilles-libres-2048x922.jpg 2048w\" sizes=\"auto, (max-width: 1024px) 100vw, 1024px\" \/>\t\t\t\t\t\t\t\t\t\t\t\t\t\t\t<\/div>\n\t\t\t\t<\/div>\n\t\t\t\t\t<\/div>\n\t\t<\/div>\n\t\t\t\t\t\t\t<\/div>\n\t\t<\/section>\n\t\t\t\t<section class=\"elementor-section elementor-top-section elementor-element elementor-element-d938e7f elementor-section-boxed elementor-section-height-default elementor-section-height-default\" data-id=\"d938e7f\" data-element_type=\"section\">\n\t\t\t\t\t\t<div class=\"elementor-container elementor-column-gap-default\">\n\t\t\t\t\t<div class=\"elementor-column elementor-col-50 elementor-top-column elementor-element elementor-element-af9b3b9\" data-id=\"af9b3b9\" data-element_type=\"column\">\n\t\t\t<div class=\"elementor-widget-wrap elementor-element-populated\">\n\t\t\t\t\t\t\t\t<div class=\"elementor-element elementor-element-a09b67f elementor-widget elementor-widget-heading\" data-id=\"a09b67f\" data-element_type=\"widget\" data-widget_type=\"heading.default\">\n\t\t\t\t<div class=\"elementor-widget-container\">\n\t\t\t<h2 class=\"elementor-heading-title elementor-size-default\">Catering<\/h2>\t\t<\/div>\n\t\t\t\t<\/div>\n\t\t\t\t<div class=\"elementor-element elementor-element-0755b75 elementor-widget elementor-widget-text-editor\" data-id=\"0755b75\" data-element_type=\"widget\" data-widget_type=\"text-editor.default\">\n\t\t\t\t<div class=\"elementor-widget-container\">\n\t\t\t\t\t\t\t<p>Les Papilles Libres intervient lors de vos \u00e9v\u00e8nements culturels (festivals) pour restaurer les \u00e9quipes techniques, les artistes, les b\u00e9n\u00e9voles et les staff organisateur.<\/p><p>Nous travaillons avec des producteurs locaux pour r\u00e9aliser des menus en respectant vos demandes pour proposer des repas qui soit \u00e9quilibr\u00e9s.<\/p>\t\t\t\t\t\t<\/div>\n\t\t\t\t<\/div>\n\t\t\t\t<div class=\"elementor-element elementor-element-d824fc8 elementor-widget elementor-widget-button\" data-id=\"d824fc8\" data-element_type=\"widget\" data-widget_type=\"button.default\">\n\t\t\t\t<div class=\"elementor-widget-container\">\n\t\t\t\t\t<div class=\"elementor-button-wrapper\">\n\t\t\t<a href=\"http:\/\/lespapilleslibres.com\/index.php\/contact\/\" class=\"elementor-button-link elementor-button elementor-size-sm\" role=\"button\">\n\t\t\t\t\t\t<span class=\"elementor-button-content-wrapper\">\n\t\t\t\t\t\t<span class=\"elementor-button-text\">nous contacter<\/span>\n\t\t<\/span>\n\t\t\t\t\t<\/a>\n\t\t<\/div>\n\t\t\t\t<\/div>\n\t\t\t\t<\/div>\n\t\t\t\t<div class=\"elementor-element elementor-element-77b9182 elementor-widget elementor-widget-text-editor\" data-id=\"77b9182\" data-element_type=\"widget\" data-widget_type=\"text-editor.default\">\n\t\t\t\t<div class=\"elementor-widget-container\">\n\t\t\t\t\t\t\t\t\t\t\t\t\t<\/div>\n\t\t\t\t<\/div>\n\t\t\t\t\t<\/div>\n\t\t<\/div>\n\t\t\t\t<div class=\"elementor-column elementor-col-50 elementor-top-column elementor-element elementor-element-9630dfc\" data-id=\"9630dfc\" data-element_type=\"column\">\n\t\t\t<div class=\"elementor-widget-wrap elementor-element-populated\">\n\t\t\t\t\t\t\t\t<div class=\"elementor-element elementor-element-93450a3 elementor-widget elementor-widget-image\" data-id=\"93450a3\" data-element_type=\"widget\" data-widget_type=\"image.default\">\n\t\t\t\t<div class=\"elementor-widget-container\">\n\t\t\t\t\t\t\t\t\t\t\t\t\t\t\t<img decoding=\"async\" src=\"https:\/\/lespapilleslibres.com\/wp-content\/plugins\/elementor\/assets\/images\/placeholder.png\" title=\"\" alt=\"\" \/>\t\t\t\t\t\t\t\t\t\t\t\t\t\t\t<\/div>\n\t\t\t\t<\/div>\n\t\t\t\t\t<\/div>\n\t\t<\/div>\n\t\t\t\t\t\t\t<\/div>\n\t\t<\/section>\n\t\t\t\t<section class=\"elementor-section elementor-top-section elementor-element elementor-element-b64bdc6 elementor-section-boxed elementor-section-height-default elementor-section-height-default\" data-id=\"b64bdc6\" data-element_type=\"section\">\n\t\t\t\t\t\t<div class=\"elementor-container elementor-column-gap-default\">\n\t\t\t\t\t<div class=\"elementor-column elementor-col-50 elementor-top-column elementor-element elementor-element-62292f8\" data-id=\"62292f8\" data-element_type=\"column\">\n\t\t\t<div class=\"elementor-widget-wrap elementor-element-populated\">\n\t\t\t\t\t\t\t\t<div class=\"elementor-element elementor-element-1d44912 elementor-widget elementor-widget-heading\" data-id=\"1d44912\" data-element_type=\"widget\" data-widget_type=\"heading.default\">\n\t\t\t\t<div class=\"elementor-widget-container\">\n\t\t\t<h2 class=\"elementor-heading-title elementor-size-default\">Ev\u00e8nement priv\u00e9 \/ traiteur<\/h2>\t\t<\/div>\n\t\t\t\t<\/div>\n\t\t\t\t<div class=\"elementor-element elementor-element-e9bfdc0 elementor-widget elementor-widget-text-editor\" data-id=\"e9bfdc0\" data-element_type=\"widget\" data-widget_type=\"text-editor.default\">\n\t\t\t\t<div class=\"elementor-widget-container\">\n\t\t\t\t\t\t\t<p>Lorem ipsum dolor sit amet, consectetur adipiscing elit. Ut elit tellus, luctus nec ullamcorper mattis, pulvinar dapibus leo.<\/p>\t\t\t\t\t\t<\/div>\n\t\t\t\t<\/div>\n\t\t\t\t<div class=\"elementor-element elementor-element-1b9b9e3 elementor-widget elementor-widget-button\" data-id=\"1b9b9e3\" data-element_type=\"widget\" data-widget_type=\"button.default\">\n\t\t\t\t<div class=\"elementor-widget-container\">\n\t\t\t\t\t<div class=\"elementor-button-wrapper\">\n\t\t\t<a href=\"http:\/\/lespapilleslibres.com\/index.php\/contact\/\" class=\"elementor-button-link elementor-button elementor-size-sm\" role=\"button\">\n\t\t\t\t\t\t<span class=\"elementor-button-content-wrapper\">\n\t\t\t\t\t\t<span class=\"elementor-button-text\">nous contacter<\/span>\n\t\t<\/span>\n\t\t\t\t\t<\/a>\n\t\t<\/div>\n\t\t\t\t<\/div>\n\t\t\t\t<\/div>\n\t\t\t\t\t<\/div>\n\t\t<\/div>\n\t\t\t\t<div class=\"elementor-column elementor-col-50 elementor-top-column elementor-element elementor-element-221539e\" data-id=\"221539e\" data-element_type=\"column\">\n\t\t\t<div class=\"elementor-widget-wrap elementor-element-populated\">\n\t\t\t\t\t\t\t\t<div class=\"elementor-element elementor-element-e3bd74d elementor-widget elementor-widget-image\" data-id=\"e3bd74d\" data-element_type=\"widget\" data-widget_type=\"image.default\">\n\t\t\t\t<div class=\"elementor-widget-container\">\n\t\t\t\t\t\t\t\t\t\t\t\t\t\t\t<img decoding=\"async\" src=\"https:\/\/lespapilleslibres.com\/wp-content\/plugins\/elementor\/assets\/images\/placeholder.png\" title=\"\" alt=\"\" \/>\t\t\t\t\t\t\t\t\t\t\t\t\t\t\t<\/div>\n\t\t\t\t<\/div>\n\t\t\t\t\t<\/div>\n\t\t<\/div>\n\t\t\t\t\t\t\t<\/div>\n\t\t<\/section>\n\t\t\t\t<section class=\"elementor-section elementor-top-section elementor-element elementor-element-718d392 elementor-section-boxed elementor-section-height-default elementor-section-height-default\" data-id=\"718d392\" data-element_type=\"section\">\n\t\t\t\t\t\t<div class=\"elementor-container elementor-column-gap-default\">\n\t\t\t\t\t<div class=\"elementor-column elementor-col-33 elementor-top-column elementor-element elementor-element-904e130\" data-id=\"904e130\" data-element_type=\"column\">\n\t\t\t<div class=\"elementor-widget-wrap elementor-element-populated\">\n\t\t\t\t\t\t\t\t<div class=\"elementor-element elementor-element-3aa066c elementor-widget elementor-widget-heading\" data-id=\"3aa066c\" data-element_type=\"widget\" data-widget_type=\"heading.default\">\n\t\t\t\t<div class=\"elementor-widget-container\">\n\t\t\t<h2 class=\"elementor-heading-title elementor-size-default\">Festivals 2022<\/h2>\t\t<\/div>\n\t\t\t\t<\/div>\n\t\t\t\t<div class=\"elementor-element elementor-element-c55c98b elementor-widget elementor-widget-text-editor\" data-id=\"c55c98b\" data-element_type=\"widget\" data-widget_type=\"text-editor.default\">\n\t\t\t\t<div class=\"elementor-widget-container\">\n\t\t\t\t\t\t\t<p>Les Nuits de Nacre (Tulles)<\/p><p>Urbaka (Limoges)<\/p><p>Le R\u00eave de l&#8217;Aborig\u00e8ne (Airvault)<\/p><p>Musicalarue (Luxey)<\/p><p>Le Bout du Monde (Crozon)<\/p>\t\t\t\t\t\t<\/div>\n\t\t\t\t<\/div>\n\t\t\t\t\t<\/div>\n\t\t<\/div>\n\t\t\t\t<div class=\"elementor-column elementor-col-33 elementor-top-column elementor-element elementor-element-c8f63e5\" data-id=\"c8f63e5\" data-element_type=\"column\">\n\t\t\t<div class=\"elementor-widget-wrap elementor-element-populated\">\n\t\t\t\t\t\t\t\t<div class=\"elementor-element elementor-element-34dd011 elementor-widget elementor-widget-heading\" data-id=\"34dd011\" data-element_type=\"widget\" data-widget_type=\"heading.default\">\n\t\t\t\t<div class=\"elementor-widget-container\">\n\t\t\t<h2 class=\"elementor-heading-title elementor-size-default\">Catering<\/h2>\t\t<\/div>\n\t\t\t\t<\/div>\n\t\t\t\t<div class=\"elementor-element elementor-element-92e8ccb elementor-widget elementor-widget-text-editor\" data-id=\"92e8ccb\" data-element_type=\"widget\" data-widget_type=\"text-editor.default\">\n\t\t\t\t<div class=\"elementor-widget-container\">\n\t\t\t\t\t\t\t<p>Festival du Bouche \u00e0 oreille ( Parthenay)<\/p><p>Festival AH ( Parthenay)<\/p><p>Festival Mensa Sonora (Melle)<\/p><p>Salle Diffart (Parthenay)<\/p><p>Salle Bocapole (Bressuire)<\/p><p>Festival de Bruit et de Fureur (Bressuire)<\/p><p>Festival des Soudart (Parthenay)<\/p>\t\t\t\t\t\t<\/div>\n\t\t\t\t<\/div>\n\t\t\t\t<div class=\"elementor-element elementor-element-c9e2719 elementor-widget elementor-widget-text-editor\" data-id=\"c9e2719\" data-element_type=\"widget\" data-widget_type=\"text-editor.default\">\n\t\t\t\t<div class=\"elementor-widget-container\">\n\t\t\t\t\t\t\t\t\t\t\t\t\t<\/div>\n\t\t\t\t<\/div>\n\t\t\t\t\t<\/div>\n\t\t<\/div>\n\t\t\t\t<div class=\"elementor-column elementor-col-33 elementor-top-column elementor-element elementor-element-15cc629\" data-id=\"15cc629\" data-element_type=\"column\">\n\t\t\t<div class=\"elementor-widget-wrap elementor-element-populated\">\n\t\t\t\t\t\t\t\t<div class=\"elementor-element elementor-element-4bfd4e5 elementor-widget elementor-widget-heading\" data-id=\"4bfd4e5\" data-element_type=\"widget\" data-widget_type=\"heading.default\">\n\t\t\t\t<div class=\"elementor-widget-container\">\n\t\t\t<h2 class=\"elementor-heading-title elementor-size-default\">Ev\u00e8nement piv\u00e9 \/ traiteur<\/h2>\t\t<\/div>\n\t\t\t\t<\/div>\n\t\t\t\t<div class=\"elementor-element elementor-element-e3c3c82 elementor-widget elementor-widget-text-editor\" data-id=\"e3c3c82\" data-element_type=\"widget\" data-widget_type=\"text-editor.default\">\n\t\t\t\t<div class=\"elementor-widget-container\">\n\t\t\t\t\t\t\t<p>Assembl\u00e9e g\u00e9n\u00e9rale Conf\u00e9d\u00e9ration paysane (Secondigny)<\/p><p>20 ans du CRER (Niort)<\/p><p>50 ans Body Nature (Neuil les Aubier)<\/p><p>Bal Trad (<\/p>\t\t\t\t\t\t<\/div>\n\t\t\t\t<\/div>\n\t\t\t\t\t<\/div>\n\t\t<\/div>\n\t\t\t\t\t\t\t<\/div>\n\t\t<\/section>\n\t\t\t\t<section class=\"elementor-section elementor-top-section elementor-element elementor-element-0cdde62 elementor-section-boxed elementor-section-height-default elementor-section-height-default\" data-id=\"0cdde62\" data-element_type=\"section\">\n\t\t\t\t\t\t<div class=\"elementor-container elementor-column-gap-default\">\n\t\t\t\t\t<div class=\"elementor-column elementor-col-100 elementor-top-column elementor-element elementor-element-c13ebda\" data-id=\"c13ebda\" data-element_type=\"column\">\n\t\t\t<div class=\"elementor-widget-wrap elementor-element-populated\">\n\t\t\t\t\t\t\t\t<div class=\"elementor-element elementor-element-8c1f549 elementor-widget elementor-widget-image\" data-id=\"8c1f549\" data-element_type=\"widget\" data-widget_type=\"image.default\">\n\t\t\t\t<div class=\"elementor-widget-container\">\n\t\t\t\t\t\t\t\t\t\t\t\t\t\t\t<img decoding=\"async\" src=\"https:\/\/lespapilleslibres.com\/wp-content\/plugins\/elementor\/assets\/images\/placeholder.png\" title=\"\" alt=\"\" \/>\t\t\t\t\t\t\t\t\t\t\t\t\t\t\t<\/div>\n\t\t\t\t<\/div>\n\t\t\t\t\t<\/div>\n\t\t<\/div>\n\t\t\t\t\t\t\t<\/div>\n\t\t<\/section>\n\t\t\t\t\t\t\t<\/div>\n\t\t","protected":false},"excerpt":{"rendered":"<p>La Restau&#8217; publique Installation sur les \u00e9v\u00e8nements culturels d&#8217;un stand de restauration o\u00f9 le public peut venir d\u00e9guster un plat au saveurs de la cuisine monde : &#8211; Falafel (cuisine libanaise) &#8211; Rougail saucisses (cuisine cr\u00e9ole) &#8211; Wok de poulet \u00e0 la citronnelle (cuisine asiatique) &#8211; ect&#8230; Les Papilles Libres propose aussi\u00a0 de la petite [&hellip;]<\/p>\n","protected":false},"author":1,"featured_media":0,"parent":0,"menu_order":0,"comment_status":"closed","ping_status":"closed","template":"","meta":{"footnotes":""},"class_list":["post-42","page","type-page","status-publish","hentry","entry"],"yoast_head":"<!-- This site is optimized with the Yoast SEO plugin v19.1 - https:\/\/yoast.com\/wordpress\/plugins\/seo\/ -->\n<title>Prestations - WordPress<\/title>\n<meta name=\"robots\" content=\"index, follow, max-snippet:-1, max-image-preview:large, max-video-preview:-1\" \/>\n<link rel=\"canonical\" href=\"https:\/\/lespapilleslibres.com\/index.php\/prestations\/\" \/>\n<meta property=\"og:locale\" content=\"en_US\" \/>\n<meta property=\"og:type\" content=\"article\" \/>\n<meta property=\"og:title\" content=\"Prestations - WordPress\" \/>\n<meta property=\"og:description\" content=\"La Restau&#8217; publique Installation sur les \u00e9v\u00e8nements culturels d&#8217;un stand de restauration o\u00f9 le public peut venir d\u00e9guster un plat au saveurs de la cuisine monde : &#8211; Falafel (cuisine libanaise) &#8211; Rougail saucisses (cuisine cr\u00e9ole) &#8211; Wok de poulet \u00e0 la citronnelle (cuisine asiatique) &#8211; ect&#8230; Les Papilles Libres propose aussi\u00a0 de la petite [&hellip;]\" \/>\n<meta property=\"og:url\" content=\"https:\/\/lespapilleslibres.com\/index.php\/prestations\/\" \/>\n<meta property=\"og:site_name\" content=\"WordPress\" \/>\n<meta property=\"article:modified_time\" content=\"2022-07-01T10:49:35+00:00\" \/>\n<meta property=\"og:image\" content=\"http:\/\/lespapilleslibres.com\/wp-content\/uploads\/2022\/07\/Stand-les-papilles-libres-1024x461.jpg\" \/>\n<meta name=\"twitter:card\" content=\"summary_large_image\" \/>\n<meta name=\"twitter:label1\" content=\"Est. reading time\" \/>\n\t<meta name=\"twitter:data1\" content=\"2 minutes\" \/>\n<script type=\"application\/ld+json\" class=\"yoast-schema-graph\">{\"@context\":\"https:\/\/schema.org\",\"@graph\":[{\"@type\":\"WebSite\",\"@id\":\"https:\/\/lespapilleslibres.com\/#website\",\"url\":\"https:\/\/lespapilleslibres.com\/\",\"name\":\"WordPress\",\"description\":\"Un site utilisant WordPress\",\"potentialAction\":[{\"@type\":\"SearchAction\",\"target\":{\"@type\":\"EntryPoint\",\"urlTemplate\":\"https:\/\/lespapilleslibres.com\/?s={search_term_string}\"},\"query-input\":\"required name=search_term_string\"}],\"inLanguage\":\"en-US\"},{\"@type\":\"ImageObject\",\"inLanguage\":\"en-US\",\"@id\":\"https:\/\/lespapilleslibres.com\/index.php\/prestations\/#primaryimage\",\"url\":\"http:\/\/lespapilleslibres.com\/wp-content\/uploads\/2022\/07\/Stand-les-papilles-libres-1024x461.jpg\",\"contentUrl\":\"http:\/\/lespapilleslibres.com\/wp-content\/uploads\/2022\/07\/Stand-les-papilles-libres-1024x461.jpg\"},{\"@type\":\"WebPage\",\"@id\":\"https:\/\/lespapilleslibres.com\/index.php\/prestations\/#webpage\",\"url\":\"https:\/\/lespapilleslibres.com\/index.php\/prestations\/\",\"name\":\"Prestations - WordPress\",\"isPartOf\":{\"@id\":\"https:\/\/lespapilleslibres.com\/#website\"},\"primaryImageOfPage\":{\"@id\":\"https:\/\/lespapilleslibres.com\/index.php\/prestations\/#primaryimage\"},\"datePublished\":\"2022-06-21T06:40:09+00:00\",\"dateModified\":\"2022-07-01T10:49:35+00:00\",\"breadcrumb\":{\"@id\":\"https:\/\/lespapilleslibres.com\/index.php\/prestations\/#breadcrumb\"},\"inLanguage\":\"en-US\",\"potentialAction\":[{\"@type\":\"ReadAction\",\"target\":[\"https:\/\/lespapilleslibres.com\/index.php\/prestations\/\"]}]},{\"@type\":\"BreadcrumbList\",\"@id\":\"https:\/\/lespapilleslibres.com\/index.php\/prestations\/#breadcrumb\",\"itemListElement\":[{\"@type\":\"ListItem\",\"position\":1,\"name\":\"Accueil\",\"item\":\"https:\/\/lespapilleslibres.com\/\"},{\"@type\":\"ListItem\",\"position\":2,\"name\":\"Prestations\"}]}]}<\/script>\n<!-- \/ Yoast SEO plugin. -->","yoast_head_json":{"title":"Prestations - WordPress","robots":{"index":"index","follow":"follow","max-snippet":"max-snippet:-1","max-image-preview":"max-image-preview:large","max-video-preview":"max-video-preview:-1"},"canonical":"https:\/\/lespapilleslibres.com\/index.php\/prestations\/","og_locale":"en_US","og_type":"article","og_title":"Prestations - WordPress","og_description":"La Restau&#8217; publique Installation sur les \u00e9v\u00e8nements culturels d&#8217;un stand de restauration o\u00f9 le public peut venir d\u00e9guster un plat au saveurs de la cuisine monde : &#8211; Falafel (cuisine libanaise) &#8211; Rougail saucisses (cuisine cr\u00e9ole) &#8211; Wok de poulet \u00e0 la citronnelle (cuisine asiatique) &#8211; ect&#8230; Les Papilles Libres propose aussi\u00a0 de la petite [&hellip;]","og_url":"https:\/\/lespapilleslibres.com\/index.php\/prestations\/","og_site_name":"WordPress","article_modified_time":"2022-07-01T10:49:35+00:00","og_image":[{"url":"http:\/\/lespapilleslibres.com\/wp-content\/uploads\/2022\/07\/Stand-les-papilles-libres-1024x461.jpg"}],"twitter_card":"summary_large_image","twitter_misc":{"Est. reading time":"2 minutes"},"schema":{"@context":"https:\/\/schema.org","@graph":[{"@type":"WebSite","@id":"https:\/\/lespapilleslibres.com\/#website","url":"https:\/\/lespapilleslibres.com\/","name":"WordPress","description":"Un site utilisant WordPress","potentialAction":[{"@type":"SearchAction","target":{"@type":"EntryPoint","urlTemplate":"https:\/\/lespapilleslibres.com\/?s={search_term_string}"},"query-input":"required name=search_term_string"}],"inLanguage":"en-US"},{"@type":"ImageObject","inLanguage":"en-US","@id":"https:\/\/lespapilleslibres.com\/index.php\/prestations\/#primaryimage","url":"http:\/\/lespapilleslibres.com\/wp-content\/uploads\/2022\/07\/Stand-les-papilles-libres-1024x461.jpg","contentUrl":"http:\/\/lespapilleslibres.com\/wp-content\/uploads\/2022\/07\/Stand-les-papilles-libres-1024x461.jpg"},{"@type":"WebPage","@id":"https:\/\/lespapilleslibres.com\/index.php\/prestations\/#webpage","url":"https:\/\/lespapilleslibres.com\/index.php\/prestations\/","name":"Prestations - WordPress","isPartOf":{"@id":"https:\/\/lespapilleslibres.com\/#website"},"primaryImageOfPage":{"@id":"https:\/\/lespapilleslibres.com\/index.php\/prestations\/#primaryimage"},"datePublished":"2022-06-21T06:40:09+00:00","dateModified":"2022-07-01T10:49:35+00:00","breadcrumb":{"@id":"https:\/\/lespapilleslibres.com\/index.php\/prestations\/#breadcrumb"},"inLanguage":"en-US","potentialAction":[{"@type":"ReadAction","target":["https:\/\/lespapilleslibres.com\/index.php\/prestations\/"]}]},{"@type":"BreadcrumbList","@id":"https:\/\/lespapilleslibres.com\/index.php\/prestations\/#breadcrumb","itemListElement":[{"@type":"ListItem","position":1,"name":"Accueil","item":"https:\/\/lespapilleslibres.com\/"},{"@type":"ListItem","position":2,"name":"Prestations"}]}]}},"_links":{"self":[{"href":"https:\/\/lespapilleslibres.com\/index.php\/wp-json\/wp\/v2\/pages\/42","targetHints":{"allow":["GET"]}}],"collection":[{"href":"https:\/\/lespapilleslibres.com\/index.php\/wp-json\/wp\/v2\/pages"}],"about":[{"href":"https:\/\/lespapilleslibres.com\/index.php\/wp-json\/wp\/v2\/types\/page"}],"author":[{"embeddable":true,"href":"https:\/\/lespapilleslibres.com\/index.php\/wp-json\/wp\/v2\/users\/1"}],"replies":[{"embeddable":true,"href":"https:\/\/lespapilleslibres.com\/index.php\/wp-json\/wp\/v2\/comments?post=42"}],"version-history":[{"count":58,"href":"https:\/\/lespapilleslibres.com\/index.php\/wp-json\/wp\/v2\/pages\/42\/revisions"}],"predecessor-version":[{"id":299,"href":"https:\/\/lespapilleslibres.com\/index.php\/wp-json\/wp\/v2\/pages\/42\/revisions\/299"}],"wp:attachment":[{"href":"https:\/\/lespapilleslibres.com\/index.php\/wp-json\/wp\/v2\/media?parent=42"}],"curies":[{"name":"wp","href":"https:\/\/api.w.org\/{rel}","templated":true}]}}